{"id":4,"date":"2019-12-27T16:37:58","date_gmt":"2019-12-27T16:37:58","guid":{"rendered":"https:\/\/ivsoul.de\/wp\/wp\/?page_id=4"},"modified":"2021-05-17T20:53:49","modified_gmt":"2021-05-17T20:53:49","slug":"ueber-uns-und-den-soul","status":"publish","type":"page","link":"https:\/\/ivsoul.de\/wp\/","title":{"rendered":"\u00dcber uns und den Soul"},"content":{"rendered":"\n<p>Und was f\u00fcr Musik macht ihr so? .. Rock, Pop, Covers, aha. Und wer ist dann dieser Soul und warum \u00fcberhaupt? .. Hm, Leidenschaft zum Musik machen. Aha. Und wie zur H\u00f6lle schreibt man das? .. Wie? Habt ihr auch ne Karte? .. Und Freunde seid Ihr auch noch? Soso. Ihr wart alle auf der gleichen Schule? Lol.<\/p>\n\n\n\n<p><strong> <\/strong><\/p>\n\n\n\n<h2 class=\"wp-block-heading\">Bandvorstellung<\/h2>\n\n\n\n<p>Am Mikro rockt, swingt und souled <strong><span class=\"has-inline-color has-white-color\">Eva<\/span><\/strong> und sorgt mit ihrer au\u00dfergew\u00f6hnlichen Stimme daf\u00fcr, dass die gute Laune Stimmung auch bis auf die letzte &#8222;Bierbank&#8220; \u00fcberschwappt. Nebenbei spielt sie auch noch Kazoo, Syth oder Melodica.<\/p>\n\n\n\n<p>Den m\u00e4nnlichen Counterpart der Gesangseinlage \u00fcbernimmt unser zweiter (Front)S\u00e4nger und Gitarrist <span class=\"has-inline-color has-white-color\"><strong>Dominik<\/strong>.<\/span> Angefunkte Gitarrenriffs und seine charismatische Stimme sorgen f\u00fcr das gewisse i-T\u00fcpfelchen unserer Auftritte. <\/p>\n\n\n\n<p>F\u00fcr die durchaus komplexe Aufgabe eines Bass-Synth-Piano-Brass-Gesang Hybrides bedarf es eines au\u00dfergew\u00f6hnlichen Talents an den Tasten. <strong><span class=\"has-inline-color has-white-color\">Daniel<\/span><\/strong> spielt ganz w\u00f6rtlich gesehen den Bass &#8222;mit Links&#8220; und sorgt mit der anderen Hand f\u00fcr Wohlf\u00fchlsound und virtuose Soli.<\/p>\n\n\n\n<p>An den Drums sorgt <strong><span class=\"has-inline-color has-white-color\">Lukas<\/span><\/strong> f\u00fcr den richtigen Groove. Wie man diesen Drumstil beschreibt? \u2026 gar nicht,  oder wenn man muss : <br>FunkJazzIndiePopRockGroovemachine<\/p>\n\n\n\n<h2 class=\"wp-block-heading\">Das richtige Besteck<\/h2>\n\n\n\n<p>Uns gibt&#8217;s in &#8222;fettem Partysound&#8220; mit allem, was dazugeh\u00f6rt oder auch &#8222;very unplugged&#8220;. Ma\u00dfgeschneidert f\u00fcr jedes Event. Aber immer live! Und mit ganz viel Herz und Seele&#8230;(aha, da ist er wieder, der Soul).<\/p>\n\n\n\n<p><\/p>\n","protected":false},"excerpt":{"rendered":"<p>Und was f\u00fcr Musik macht ihr so? .. Rock, Pop, Covers, aha. Und wer ist dann dieser Soul und warum \u00fcberhaupt? .. Hm, Leidenschaft zum Musik machen. Aha. Und wie<a href=\"https:\/\/ivsoul.de\/wp\/\" class=\"more-link\"><span class=\"readmore\">Continue reading<span class=\"screen-reader-text\">\u00dcber uns und den Soul<\/span><\/span><\/a><\/p>\n","protected":false},"author":1,"featured_media":0,"parent":0,"menu_order":10,"comment_status":"closed","ping_status":"closed","template":"","meta":{"footnotes":""},"_links":{"self":[{"href":"https:\/\/ivsoul.de\/wp\/index.php?rest_route=\/wp\/v2\/pages\/4"}],"collection":[{"href":"https:\/\/ivsoul.de\/wp\/index.php?rest_route=\/wp\/v2\/pages"}],"about":[{"href":"https:\/\/ivsoul.de\/wp\/index.php?rest_route=\/wp\/v2\/types\/page"}],"author":[{"embeddable":true,"href":"https:\/\/ivsoul.de\/wp\/index.php?rest_route=\/wp\/v2\/users\/1"}],"replies":[{"embeddable":true,"href":"https:\/\/ivsoul.de\/wp\/index.php?rest_route=%2Fwp%2Fv2%2Fcomments&post=4"}],"version-history":[{"count":11,"href":"https:\/\/ivsoul.de\/wp\/index.php?rest_route=\/wp\/v2\/pages\/4\/revisions"}],"predecessor-version":[{"id":103,"href":"https:\/\/ivsoul.de\/wp\/index.php?rest_route=\/wp\/v2\/pages\/4\/revisions\/103"}],"wp:attachment":[{"href":"https:\/\/ivsoul.de\/wp\/index.php?rest_route=%2Fwp%2Fv2%2Fmedia&parent=4"}],"curies":[{"name":"wp","href":"https:\/\/api.w.org\/{rel}","templated":true}]}}